{"id":76,"date":"2024-02-23T15:54:04","date_gmt":"2024-02-23T14:54:04","guid":{"rendered":"https:\/\/tuka.fr\/daccueil\/"},"modified":"2024-10-02T14:17:25","modified_gmt":"2024-10-02T12:17:25","slug":"accueil","status":"publish","type":"page","link":"https:\/\/tuka.fr\/en\/","title":{"rendered":"Agence de Communication"},"content":{"rendered":"\n<svg class=\"clippy\">\n      <defs>\n\n        <clipPath id=\"clip-hero\" clipPathUnits=\"objectBoundingBox\">\n            <path d=\"M0.651152 0.771201L0.505461 0.800911C0.500802 0.801861 0.498222 0.806884 0.500164 0.811224L0.520453 0.856585L0.538691 0.908016C0.540048 0.911844 0.544228 0.913872 0.548075 0.91257L0.933541 0.782069C0.936086 0.781208 0.937999 0.779029 0.938356 0.776366C0.940952 0.75698 0.935208 0.744401 0.923663 0.73566C0.917843 0.731254 0.917429 0.716837 0.919683 0.709894C0.920927 0.706062 0.920996 0.701481 0.919098 0.696099C0.911342 0.674098 0.871268 0.661357 0.860926 0.610407C0.858755 0.599712 0.856698 0.592256 0.854887 0.572326C0.854401 0.566983 0.866208 0.561701 0.8683 0.553807C0.869527 0.549178 0.869527 0.545474 0.867675 0.54177C0.864389 0.535197 0.854712 0.531585 0.854712 0.527882C0.854712 0.524778 0.860442 0.524178 0.859767 0.51677C0.850296 0.41278 0.847583 0.367652 0.849091 0.349178C0.84959 0.343075 0.853231 0.345474 0.854712 0.338067C0.856564 0.328807 0.869767 0.335392 0.876009 0.32603C0.879712 0.320474 0.879712 0.315309 0.875083 0.309363C0.872648 0.306236 0.867668 0.304649 0.862803 0.304128C0.857558 0.303566 0.852048 0.298814 0.855438 0.294771C0.859087 0.290417 0.864429 0.287891 0.865887 0.280659C0.868164 0.269373 0.85719 0.268622 0.860091 0.256197C0.866093 0.230481 0.87549 0.196565 0.884342 0.181585C0.908416 0.140845 0.924157 0.142696 0.924157 0.138993C0.924157 0.121257 0.896379 0.119115 0.884342 0.122135C0.878096 0.123702 0.882088 0.110848 0.876009 0.107511C0.865887 0.101956 0.850812 0.114843 0.843543 0.105659C0.838125 0.0988125 0.83421 0.0958207 0.831547 0.0945973C0.828887 0.0933751 0.825244 0.0933877 0.822789 0.0917928C0.819677 0.0897712 0.815933 0.0868366 0.815824 0.084363C0.815563 0.0784824 0.807815 0.0735076 0.801935 0.0732519C0.795804 0.0729854 0.787203 0.0782271 0.78712 0.084363C0.78708 0.0872813 0.783461 0.0906454 0.781006 0.0925948C0.779613 0.0937009 0.777765 0.0941408 0.77611 0.0947936C0.77359 0.0957879 0.769378 0.0984729 0.763851 0.105659C0.756556 0.115145 0.733416 0.101956 0.727861 0.107511C0.722018 0.113354 0.723018 0.123735 0.717675 0.122135C0.702861 0.117696 0.678786 0.119548 0.678786 0.135289C0.678786 0.140845 0.69467 0.135289 0.721379 0.181585C0.730042 0.1966 0.73968 0.230286 0.74514 0.256197C0.747953 0.269548 0.736754 0.269361 0.738774 0.280659C0.740097 0.288055 0.745499 0.290133 0.749074 0.294647C0.752349 0.298783 0.746596 0.303852 0.741406 0.304799C0.736671 0.305663 0.731903 0.307515 0.729712 0.310289C0.725512 0.315609 0.726009 0.3214 0.729712 0.32603C0.736436 0.334435 0.744527 0.328807 0.748231 0.338067C0.751194 0.345474 0.754663 0.343066 0.755168 0.349178C0.756669 0.367331 0.754 0.411891 0.744447 0.51677C0.743772 0.524178 0.749175 0.524778 0.749175 0.527882C0.749175 0.531585 0.737475 0.534593 0.735268 0.542696C0.73403 0.547244 0.734342 0.550104 0.735268 0.552882C0.73785 0.560628 0.749813 0.566983 0.749328 0.572326C0.747516 0.592256 0.745459 0.599712 0.743288 0.610407C0.732946 0.661357 0.692872 0.674098 0.685116 0.696099C0.683219 0.701481 0.683287 0.706062 0.684531 0.709894C0.686785 0.716837 0.686116 0.730413 0.679579 0.73366C0.667385 0.739717 0.659042 0.747994 0.657395 0.763919C0.657032 0.767431 0.654611 0.770495 0.651152 0.771201Z\" fill=\"white\"\/>\n        <\/clipPath>\n        \n      <\/defs>\n<\/svg>\n\n<style>\n    .hero__img-clip{\n        object-fit: cover;\n        left: -50%;\n        width: 540px;\n        position: absolute;\n        height: 540px;\n        top: -34rem;\n        -webkit-clip-path: url(#clip-hero);\n        clip-path: url(#clip-hero);\n    }\n    @media (max-width: 767px) {\n        .hero__img-clip {\n            left: -150%;\n            top: -26rem;\n            transform: scale(0.5);\n        }\n    }\n<\/style>\n\n\n\t<section class=\"hero\">\n\t\t<div class=\"hero__container container\">\n\t\t\t<div class=\"hero__wrap\">\n\t\t\t\t<div class=\"hero__content\">\n\t\t\t\t\t\t\t\t\t\t\t<h2 class=\"hero__title\" data-parallax>Votre r\u00e9ussite notre projet !<\/h2>\n\t\t\t\t\t\t\t\t\t\t\t\t\t\t\t\t<div class=\"hero__img-wrap\" data-parallax data-parallax-speed=\"5\" style=\"z-index: 1;\">\n\t\t\t\t\t\t\t<img loading=\"lazy\" decoding=\"async\" width=\"147\" height=\"278\" src=\"https:\/\/tuka.fr\/wp-content\/uploads\/2024\/02\/pawn.svg\" class=\"hero__img\" alt=\"\" \/>\t\t\t\t\t\t<\/div>\n\t\t\t\t\t\t\n\t\t\t\t\t\t<div class=\"hero__img-wrap\" data-parallax data-parallax-speed=\"5\">\n                                                    <video src=\"https:\/\/tuka.fr\/wp-content\/themes\/tuka\/img\/gradient.webm\" class=\"hero__img-clip\" id=\"clipped\" autoplay loop playsinline muted style=\"object-fit: cover;\"><\/video>\n                        \t\t\t\t\t\t<\/div>\n\t\t\t\t\t\t\t\t\t\t\t\t\t\t\t\t<div class=\"hero__btn-box\">\n\t\t\t\t\t\t\t<a href=\"\/devis\/\" class=\"btn\">GO !<\/a>\n\t\t\t\t\t\t<\/div>\n\t\t\t\t\t\t\t\t\t<\/div>\n\t\t\t<\/div>\n\t\t<\/div>\n\t<\/section>\n\n\n\n<section class=\"section-cards\">\n\t<div class=\"section-cards__container container\">\n\t\t<div class=\"section-cards__wrap\">\n\t\t\t\t\t\t\t<ul class=\"section-cards__list\">\n\t\t\t\t\t\t\t\t\t\t\t\t\t\t\t\t\t\t\t\t\t\t\t<li>\n\t\t\t\t\t\t\t<div class=\"gradient-card gradient-card--01\">\n\t\t\t\t\t\t\t\t<div class=\"gradient-card__inner\">\n\t\t\t\t\t\t\t\t\t\t\t\t\t\t\t\t\t\t\t\t\t\t\t\t\t\t\t\t<h3 class=\"gradient-card__title\">Innovation<\/h3>\n\t\t\t\t\t\t\t\t\t\t\t\t\t\t\t\t\t<\/div>\n\t\t\t\t\t\t\t<\/div>\n\t\t\t\t\t\t<\/li>\n\t\t\t\t\t\t\t\t\t\t\t\t\t\t\t\t\t\t\t\t\t\t\t<li>\n\t\t\t\t\t\t\t<div class=\"gradient-card gradient-card--02\">\n\t\t\t\t\t\t\t\t<div class=\"gradient-card__inner\">\n\t\t\t\t\t\t\t\t\t\t\t\t\t\t\t\t\t\t\t\t\t\t\t\t\t\t\t\t<h3 class=\"gradient-card__title\">Proximit\u00e9<\/h3>\n\t\t\t\t\t\t\t\t\t\t\t\t\t\t\t\t\t<\/div>\n\t\t\t\t\t\t\t<\/div>\n\t\t\t\t\t\t<\/li>\n\t\t\t\t\t\t\t\t\t\t\t\t\t\t\t\t\t\t\t\t\t\t\t<li>\n\t\t\t\t\t\t\t<div class=\"gradient-card gradient-card--03\">\n\t\t\t\t\t\t\t\t<div class=\"gradient-card__inner\">\n\t\t\t\t\t\t\t\t\t\t\t\t\t\t\t\t\t\t\t\t\t\t\t\t\t\t\t\t<h3 class=\"gradient-card__title\">Cr\u00e9ativit\u00e9<\/h3>\n\t\t\t\t\t\t\t\t\t\t\t\t\t\t\t\t\t<\/div>\n\t\t\t\t\t\t\t<\/div>\n\t\t\t\t\t\t<\/li>\n\t\t\t\t\t\t\t\t\t\t\t\t\t\t\t\t\t\t\t\t\t\t\t<li>\n\t\t\t\t\t\t\t<div class=\"gradient-card gradient-card--04\">\n\t\t\t\t\t\t\t\t<div class=\"gradient-card__inner\">\n\t\t\t\t\t\t\t\t\t\t\t\t\t\t\t\t\t\t\t\t\t\t\t\t\t\t\t\t<h3 class=\"gradient-card__title\">Agilit\u00e9<\/h3>\n\t\t\t\t\t\t\t\t\t\t\t\t\t\t\t\t\t<\/div>\n\t\t\t\t\t\t\t<\/div>\n\t\t\t\t\t\t<\/li>\n\t\t\t\t\t\t\t\t\t<\/ul>\n\t\t\t\t\t<\/div>\n\t<\/div>\n<\/section>\n\n\t<section class=\"section-text\">\n\t\t<div class=\"section-text__container container\">\n\t\t\t<div class=\"section-text__wrap\">\n\t\t\t\t<div class=\"section-text__row\">\n\t\t\t\t\t<div class=\"section-text__col\">\n\t\t\t\t\t\t\t\t\t\t\t\t\t<h2 class=\"section-text__title\">\u00c0 l\u2019heure o\u00f9 une information met 30 minutes pour faire le tour du monde, de nouvelles proximit\u00e9s s\u2019affirment. <br>Notre agence de communication <br>y croit profond\u00e9ment.<\/h2>\n\t\t\t\t\t\t\t\t\t\t\t<\/div>\n\t\t\t\t\t<div class=\"section-text__col\">\n\t\t\t\t\t\t\t\t\t\t\t\t\t<div class=\"section-text__body\">\n\t\t\t\t\t\t\t\t<p>Nous vivons le plus grand changement de civilisation depuis l\u2019invention de l\u2019imprimerie et la r\u00e9volution num\u00e9rique rebat toutes les cartes de la vie \u00e9conomique, sociale et culturelle.<\/p>\n<p>Nouvelles fronti\u00e8res, nouvelles attentes, nouvelles proximit\u00e9s\u2026<br \/>\nUn nouveau paradigme o\u00f9 la force de l\u2019id\u00e9e<br \/>\nd\u00e9passe celle de l\u2019argent.<\/p>\n\t\t\t\t\t\t\t<\/div>\n\t\t\t\t\t\t\t\t\t\t\t<\/div>\n\t\t\t\t<\/div>\n\t\t\t<\/div>\n\t\t<\/div>\n\t<\/section>\n\n\n<section class=\"section-chess\">\n    <div class=\"section-chess__container container\">\n        <div class=\"section-chess__wrap\">\n        \t\t            <div class=\"section-chess__letters\">\n\t                <span>c<\/span>\n\t                <span>d<\/span>\n\t                <span>e<\/span>\n\t                <span>f<\/span>\n\t            <\/div>\n\t            <ul class=\"section-chess__list\">\n\t            \t\t            \t\t\t            \t\t\t            \t\t\t            \t\t\t\t                <li>\n\t\t                    <a href=\"https:\/\/tuka.fr\/agence\/\" class=\"chess-card chess-card--left\">\n\t\t                    \t<img loading=\"lazy\" decoding=\"async\" width=\"792\" height=\"792\" src=\"https:\/\/tuka.fr\/wp-content\/uploads\/2024\/02\/chess-card-01-bg.png\" class=\"chess-card__bg wp-post-image\" alt=\"\" srcset=\"https:\/\/tuka.fr\/wp-content\/uploads\/2024\/02\/chess-card-01-bg.png 792w, https:\/\/tuka.fr\/wp-content\/uploads\/2024\/02\/chess-card-01-bg-300x300.png 300w, https:\/\/tuka.fr\/wp-content\/uploads\/2024\/02\/chess-card-01-bg-150x150.png 150w, https:\/\/tuka.fr\/wp-content\/uploads\/2024\/02\/chess-card-01-bg-768x768.png 768w\" sizes=\"auto, (max-width: 792px) 100vw, 792px\" \/>\t\t                        <div class=\"chess-card__img\">\n\t\t                        \t<img loading=\"lazy\" decoding=\"async\" width=\"184\" height=\"66\" src=\"https:\/\/tuka.fr\/wp-content\/uploads\/2024\/02\/chess-card-01-img-1.svg\" class=\"attachment-large size-large\" alt=\"\" \/>\t\t                        <\/div>\n\t\t                        <span class=\"chess-card__link\">Agence<\/span>\n\t\t                    <\/a>\n\t\t                <\/li>\n\t\t                \t\t            \t            \t\t\t            \t\t\t            \t\t\t            \t\t\t\t                <li>\n\t\t                    <a href=\"https:\/\/tuka.fr\/strategie\/\" class=\"chess-card chess-card--light chess-card--right\">\n\t\t                    \t\t\t                        <div class=\"chess-card__img\">\n\t\t                        \t<img loading=\"lazy\" decoding=\"async\" width=\"184\" height=\"186\" src=\"https:\/\/tuka.fr\/wp-content\/uploads\/2024\/02\/chess-card-02-img-1.svg\" class=\"attachment-large size-large\" alt=\"\" \/>\t\t                        <\/div>\n\t\t                        <span class=\"chess-card__link\">Strat\u00e9gie<\/span>\n\t\t                    <\/a>\n\t\t                <\/li>\n\t\t                \t\t            \t            \t\t\t            \t\t\t            \t\t\t            \t\t\t\t                <li>\n\t\t                    <a href=\"https:\/\/tuka.fr\/digital\/\" class=\"chess-card chess-card--light chess-card--left\">\n\t\t                    \t\t\t                        <div class=\"chess-card__img\">\n\t\t                        \t<img loading=\"lazy\" decoding=\"async\" width=\"168\" height=\"173\" src=\"https:\/\/tuka.fr\/wp-content\/uploads\/2024\/02\/chess-card-03-img-2.svg\" class=\"attachment-large size-large\" alt=\"\" \/>\t\t                        <\/div>\n\t\t                        <span class=\"chess-card__link\">Digital<\/span>\n\t\t                    <\/a>\n\t\t                <\/li>\n\t\t                \t\t            \t            \t\t\t            \t\t\t            \t\t\t            \t\t\t\t                <li>\n\t\t                    <a href=\"https:\/\/tuka.fr\/production\/\" class=\"chess-card chess-card--right\">\n\t\t                    \t\t\t                        <div class=\"chess-card__img\">\n\t\t                        \t<img loading=\"lazy\" decoding=\"async\" width=\"187\" height=\"137\" src=\"https:\/\/tuka.fr\/wp-content\/uploads\/2024\/02\/chess-card-04-img-1.svg\" class=\"attachment-large size-large\" alt=\"\" \/>\t\t                        <\/div>\n\t\t                        <span class=\"chess-card__link\">Production<\/span>\n\t\t                    <\/a>\n\t\t                <\/li>\n\t\t                \t\t            \t            \t\t\t            \t\t\t            \t\t\t            \t\t\t\t                <li>\n\t\t                    <a href=\"https:\/\/tuka.fr\/?page_id=37\" class=\"chess-card chess-card--left\">\n\t\t                    \t\t\t                        <div class=\"chess-card__img\">\n\t\t                        \t<img loading=\"lazy\" decoding=\"async\" width=\"153\" height=\"140\" src=\"https:\/\/tuka.fr\/wp-content\/uploads\/2024\/05\/formation.svg\" class=\"attachment-large size-large\" alt=\"\" \/>\t\t                        <\/div>\n\t\t                        <span class=\"chess-card__link\">Private: Formation<\/span>\n\t\t                    <\/a>\n\t\t                <\/li>\n\t\t                \t\t            \t            \t\t\t            \t\t\t            \t\t\t            \t\t\t\t                <li>\n\t\t                    <a href=\"https:\/\/tuka.fr\/presse\/\" class=\"chess-card chess-card--light chess-card--right\">\n\t\t                    \t\t\t                        <div class=\"chess-card__img\">\n\t\t                        \t<img loading=\"lazy\" decoding=\"async\" width=\"136\" height=\"142\" src=\"https:\/\/tuka.fr\/wp-content\/uploads\/2024\/05\/press.svg\" class=\"attachment-large size-large\" alt=\"\" \/>\t\t                        <\/div>\n\t\t                        <span class=\"chess-card__link\">Presse<\/span>\n\t\t                    <\/a>\n\t\t                <\/li>\n\t\t                \t\t            \t            <\/ul>\n\t                <\/div>\n    <\/div>\n<\/section>","protected":false},"excerpt":{"rendered":"","protected":false},"author":1,"featured_media":0,"parent":0,"menu_order":0,"comment_status":"closed","ping_status":"open","template":"","meta":{"_acf_changed":false,"footnotes":""},"class_list":["post-76","page","type-page","status-publish","hentry"],"acf":[],"yoast_head":"<!-- This site is optimized with the Yoast SEO plugin v27.3 - https:\/\/yoast.com\/product\/yoast-seo-wordpress\/ -->\n<title>Agence de Communication - TUKA<\/title>\n<meta name=\"description\" content=\"Agence de Communication. Votre r\u00e9ussite, notre projet.\" \/>\n<meta name=\"robots\" content=\"index, follow, max-snippet:-1, max-image-preview:large, max-video-preview:-1\" \/>\n<link rel=\"canonical\" href=\"https:\/\/tuka.fr\/en\/\" \/>\n<meta property=\"og:locale\" content=\"en_US\" \/>\n<meta property=\"og:type\" content=\"article\" \/>\n<meta property=\"og:title\" content=\"Agence de Communication - TUKA\" \/>\n<meta property=\"og:description\" content=\"Agence de Communication. Votre r\u00e9ussite, notre projet.\" \/>\n<meta property=\"og:url\" content=\"https:\/\/tuka.fr\/en\/\" \/>\n<meta property=\"og:site_name\" content=\"TUKA\" \/>\n<meta property=\"article:modified_time\" content=\"2024-10-02T12:17:25+00:00\" \/>\n<meta name=\"twitter:card\" content=\"summary_large_image\" \/>\n<script type=\"application\/ld+json\" class=\"yoast-schema-graph\">{\"@context\":\"https:\\\/\\\/schema.org\",\"@graph\":[{\"@type\":\"WebPage\",\"@id\":\"https:\\\/\\\/tuka.fr\\\/en\\\/\",\"url\":\"https:\\\/\\\/tuka.fr\\\/en\\\/\",\"name\":\"Agence de Communication - TUKA\",\"isPartOf\":{\"@id\":\"https:\\\/\\\/tuka.fr\\\/#website\"},\"datePublished\":\"2024-02-23T14:54:04+00:00\",\"dateModified\":\"2024-10-02T12:17:25+00:00\",\"description\":\"Agence de Communication. Votre r\u00e9ussite, notre projet.\",\"breadcrumb\":{\"@id\":\"https:\\\/\\\/tuka.fr\\\/en\\\/#breadcrumb\"},\"inLanguage\":\"en-US\",\"potentialAction\":[{\"@type\":\"ReadAction\",\"target\":[\"https:\\\/\\\/tuka.fr\\\/en\\\/\"]}]},{\"@type\":\"BreadcrumbList\",\"@id\":\"https:\\\/\\\/tuka.fr\\\/en\\\/#breadcrumb\",\"itemListElement\":[{\"@type\":\"ListItem\",\"position\":1,\"name\":\"TUKA\",\"item\":\"https:\\\/\\\/tuka.fr\\\/en\\\/\"},{\"@type\":\"ListItem\",\"position\":2,\"name\":\"Agence de Communication\"}]},{\"@type\":\"WebSite\",\"@id\":\"https:\\\/\\\/tuka.fr\\\/#website\",\"url\":\"https:\\\/\\\/tuka.fr\\\/\",\"name\":\"TUKA\",\"description\":\"Agence de Communication. Votre r\u00e9ussite, notre projet.\",\"potentialAction\":[{\"@type\":\"SearchAction\",\"target\":{\"@type\":\"EntryPoint\",\"urlTemplate\":\"https:\\\/\\\/tuka.fr\\\/?s={search_term_string}\"},\"query-input\":{\"@type\":\"PropertyValueSpecification\",\"valueRequired\":true,\"valueName\":\"search_term_string\"}}],\"inLanguage\":\"en-US\"}]}<\/script>\n<!-- \/ Yoast SEO plugin. -->","yoast_head_json":{"title":"Agence de Communication - TUKA","description":"Agence de Communication. Votre r\u00e9ussite, notre projet.","robots":{"index":"index","follow":"follow","max-snippet":"max-snippet:-1","max-image-preview":"max-image-preview:large","max-video-preview":"max-video-preview:-1"},"canonical":"https:\/\/tuka.fr\/en\/","og_locale":"en_US","og_type":"article","og_title":"Agence de Communication - TUKA","og_description":"Agence de Communication. Votre r\u00e9ussite, notre projet.","og_url":"https:\/\/tuka.fr\/en\/","og_site_name":"TUKA","article_modified_time":"2024-10-02T12:17:25+00:00","twitter_card":"summary_large_image","schema":{"@context":"https:\/\/schema.org","@graph":[{"@type":"WebPage","@id":"https:\/\/tuka.fr\/en\/","url":"https:\/\/tuka.fr\/en\/","name":"Agence de Communication - TUKA","isPartOf":{"@id":"https:\/\/tuka.fr\/#website"},"datePublished":"2024-02-23T14:54:04+00:00","dateModified":"2024-10-02T12:17:25+00:00","description":"Agence de Communication. Votre r\u00e9ussite, notre projet.","breadcrumb":{"@id":"https:\/\/tuka.fr\/en\/#breadcrumb"},"inLanguage":"en-US","potentialAction":[{"@type":"ReadAction","target":["https:\/\/tuka.fr\/en\/"]}]},{"@type":"BreadcrumbList","@id":"https:\/\/tuka.fr\/en\/#breadcrumb","itemListElement":[{"@type":"ListItem","position":1,"name":"TUKA","item":"https:\/\/tuka.fr\/en\/"},{"@type":"ListItem","position":2,"name":"Agence de Communication"}]},{"@type":"WebSite","@id":"https:\/\/tuka.fr\/#website","url":"https:\/\/tuka.fr\/","name":"TUKA","description":"Agence de Communication. Votre r\u00e9ussite, notre projet.","potentialAction":[{"@type":"SearchAction","target":{"@type":"EntryPoint","urlTemplate":"https:\/\/tuka.fr\/?s={search_term_string}"},"query-input":{"@type":"PropertyValueSpecification","valueRequired":true,"valueName":"search_term_string"}}],"inLanguage":"en-US"}]}},"_links":{"self":[{"href":"https:\/\/tuka.fr\/en\/wp-json\/wp\/v2\/pages\/76","targetHints":{"allow":["GET"]}}],"collection":[{"href":"https:\/\/tuka.fr\/en\/wp-json\/wp\/v2\/pages"}],"about":[{"href":"https:\/\/tuka.fr\/en\/wp-json\/wp\/v2\/types\/page"}],"author":[{"embeddable":true,"href":"https:\/\/tuka.fr\/en\/wp-json\/wp\/v2\/users\/1"}],"replies":[{"embeddable":true,"href":"https:\/\/tuka.fr\/en\/wp-json\/wp\/v2\/comments?post=76"}],"version-history":[{"count":33,"href":"https:\/\/tuka.fr\/en\/wp-json\/wp\/v2\/pages\/76\/revisions"}],"predecessor-version":[{"id":1237,"href":"https:\/\/tuka.fr\/en\/wp-json\/wp\/v2\/pages\/76\/revisions\/1237"}],"wp:attachment":[{"href":"https:\/\/tuka.fr\/en\/wp-json\/wp\/v2\/media?parent=76"}],"curies":[{"name":"wp","href":"https:\/\/api.w.org\/{rel}","templated":true}]}}